{"id":23,"date":"2023-11-07T19:55:04","date_gmt":"2023-11-07T18:55:04","guid":{"rendered":"https:\/\/trnoslav.vjeronauk.net\/?page_id=23"},"modified":"2023-11-07T23:27:00","modified_gmt":"2023-11-07T22:27:00","slug":"ljekovito-i-zacinsko-bilje-u-svakodnevnom-zivotu","status":"publish","type":"page","link":"https:\/\/trnoslav.vjeronauk.net\/?page_id=23","title":{"rendered":"Ljekovito i za\u010dinsko bilje u svakodnevnom \u017eivotu"},"content":{"rendered":"\n<p><strong>METVICA<\/strong> \u2013 paprena metvica, menta( lat. Mentha piperita); engl. mint; njem. Pfefferminze\/Minze<\/p>\n\n\n\n<ul class=\"wp-block-list\">\n<li>potje\u010de iz Sredozemlja, ali se udoma\u0107ila u \u010ditavoj Europi i Americi<\/li>\n\n\n\n<li>djeluje protiv virusa i mikroba, lo\u0161e probave i gr\u010deva, bolova u mi\u0161i\u0107ima, temperature, uboda insekata<\/li>\n\n\n\n<li>bistri misli, hladi, osvje\u017eava dah<\/li>\n\n\n\n<li>u sjevernoj Africi i arapskom svijetu je jedan od glavnih za\u010dina i redovito se pije kao \u010daj jer rashla\u0111uje i ima antisepti\u010dna i protuupalna svojstva<\/li>\n\n\n\n<li>prema gr\u010dkom mitu, Menta je bila nimfa koju je progonio pohotni bog podzemlja Had. Zaslijepio ju je svojim blje\u0161tavim kolima, ali ju je od napastovanja spasila Perzefona pretvoriv\u0161i je u metvicu.<\/li>\n\n\n\n<li>koristi se u pripremi raznih jela i dodaje u prije svega te\u017ee probavljivu hranu (grah, gra\u0161ak, le\u0107a..), ali i razne salate, pi\u0107a i koktele<\/li>\n\n\n\n<li>ima je u velikom broju proizvoda koje svakodnevno koristimo: paste za zube, vodice za ispiranje usta, \u017evaka\u0107e gume, bomboni, kolonjske vode, dezodoransi, osvje\u017eiva\u010di prostora<\/li>\n<\/ul>\n\n\n\n<p><strong>ORIGANO<\/strong> \u2013 mravinac obi\u010dni (lat. Origanum vulgare); engl.origan; njem. Oregano<br>-dobio je ime od gr\u010dke rije\u010di oros (planina) i ganosusthai (radost) \u0161to zna\u010di radost planine<\/p>\n\n\n\n<ul class=\"wp-block-list\">\n<li>potje\u010de iz Sredozemlja, raste do 1500 m\/nv, kao za\u010din naj\u010de\u0161\u0107e se koristi u Italiji, Gr\u010dkoj, Meksiku, SAD-<\/li>\n\n\n\n<li>eteri\u010dno ulje posjeduje jako antibakterijsko djelovanje, djeluje na mikroorganizme i gljivice, no u kori\u0161tenju je potreban oprez jer je izrazito iritantno za ko\u017eu i sluznicu<\/li>\n\n\n\n<li>ljekovito djeluje protiv \u017eelu\u010danih i crijevnih tegoba, protiv ka\u0161lja i upale grla, protiv patogenih gljivica<\/li>\n\n\n\n<li>origano ima insekticidni u\u010dinak na moljce i mrave. U rimsko doba se je znalo da njegov miris odbija mrave i druge kukce, zbog \u010dega je u hrvatskom jeziku nazvan mravinac.<\/li>\n\n\n\n<li>origano je jedan od najva\u017enijih za\u010dina u gr\u010dkoj i talijanskoj kuhinji, dodaje se u preljeve za \u0161pagete, jela od povr\u0107a, mahunarki, razli\u010dita mesna jela, a najpoznatiji je kao zavr\u0161ni dodatak talijanskoj pizzi i gr\u010dkom feta siru uz maslinovo ulje<\/li>\n<\/ul>\n\n\n\n<p><strong>NEVEN<\/strong> \u2013 ljekoviti neven, kalendula, ognjec (lat. Calendula officinalis), engl. marigold; njem. Ringelblume<\/p>\n\n\n\n<ul class=\"wp-block-list\">\n<li>ime je dobio prema rije\u010dima: calendus (nebesko, ne\u0161to lijepo) i officinalis (ljekovit), a u na\u0161em jeziku ime biljke \u201eneven\u201c je izvedenica od \u201ene venuti\u201c<\/li>\n\n\n\n<li>neven djeluje protuupalno, antisepti\u010dki, poma\u017ee zacjeljivanju rana, spre\u010dava nastanak o\u017eiljaka<\/li>\n\n\n\n<li>mast od nevena poma\u017ee kod o\u0161te\u0107ene i iritirane ko\u017ee ( pogotovo zimi), zanoktica na prstima te opeklina<\/li>\n\n\n\n<li>nevenovi cvjetovi se zbog boje koriste kao prirodna boja u prehrambenoj industriji umjesto znatno skupljeg \u0161afrana<\/li>\n\n\n\n<li>u narodu je neven poznat kao \u201ebarometar\u201c za ki\u0161u: ako su cvjetovi ujutro zatvoreni tada \u0107e u toku dana padati ki\u0161a<\/li>\n<\/ul>\n\n\n\n<p><strong>KAMILICA<\/strong> \u2013 kamilica obi\u010dna (lat. Matricaria chamomilla), engl. chamomile; njem. Kamille<\/p>\n\n\n\n<ul class=\"wp-block-list\">\n<li>ra\u0161irena po gotovo cijeloj Europi, Aziji, Americi u umjerenom toplinskom pojasu, raste samoniklo po poljima i livadama, ali zbog upotrebe umjetnih gnojiva i kemijskih sredstava za suzbijanje korova sve je rje\u0111a. Najvi\u0161e se uzgaja u Ma\u0111arskoj, Belgiji, Francuskoj, Italiji, UK i SAD-u.<\/li>\n\n\n\n<li>ponekad se naziva \u201elije\u010dnicom za biljke\u201c jer poma\u017ee drugim biljkama da rastu i napreduju kada se posadi u blizini<\/li>\n\n\n\n<li>kamilica je vrlo blaga biljka i mogu ju upotrebljavati i mala djeca u slu\u010daju gr\u010deva, bolova u trbuhu, za\u010depljenog nosa (inhaliranje kamilice)<\/li>\n\n\n\n<li>pijenje \u010daja od kamilice djeluje opu\u0161taju\u0107e i umiruju\u0107e<\/li>\n\n\n\n<li>kamilica se \u010desto dodaje u sapune, kreme i \u0161ampone za osjetljivu ko\u017eu<\/li>\n<\/ul>\n\n\n\n<p><strong>KADULJA <\/strong>\u2013 ljekovita kadulja, \u017ealfija, salvija ( lat. Salvia officinalis); engl. sage; njem. Salbei<\/p>\n\n\n\n<ul class=\"wp-block-list\">\n<li>naziv potje\u010de od rije\u010di salvare \u0161to zna\u010di spasiti,a officinalis zna\u010di ljekovit. U grobnicama faraona je bila glavni sastojak smjese za balzamiranje i mumificiranje. Njezina ljekovitost je vi\u0161etisu\u0107ljetnog zna\u010denja, smatra se \u201esvetom biljkom\u201c jer se je koristila i za rasku\u017eivanje od kuge kao antiseptik<\/li>\n\n\n\n<li>ameri\u010dki Indijanci ju tako\u0111er smatraju \u201esvetom biljkom\u201c i koriste u svojim ritualima<\/li>\n\n\n\n<li>u Europi je samonikla u Sredozemlju. Najve\u0107i proizvo\u0111a\u010di Francuska, UK, Maroko<\/li>\n\n\n\n<li>ima antibakterijsko i antigljivi\u010dno djelovanje, smiruje, poma\u017ee kod probave i ka\u0161lja<\/li>\n\n\n\n<li>izrazito medonosna biljka. Med od kadulje se koristi kod problema di\u0161nih putova (suhi ka\u0161alj, bronhitis)<\/li>\n\n\n\n<li>kao za\u010din dodaje se mesnim i ribljim jelima, povr\u0107u ( patlid\u017ean, gra\u0161ak, krumpir), sirnim namazima uz \u010de\u0161njak i vlasac<\/li>\n<\/ul>\n\n\n\n<p><strong>MATI\u010cNJAK<\/strong> &#8211; melisa, nana (lat. Melissa officinalis), engl. lemon balm\/balm; njem. Standesamt<\/p>\n\n\n\n<ul class=\"wp-block-list\">\n<li>p\u010dele vole melisu, a i melisa voli p\u010dele, na gr\u010dkom \u201emellissa\u201c zna\u010di p\u010dela<\/li>\n\n\n\n<li>mati\u010dnjak raste diljem Europe i Amerike, a i Grci i Arapi su u povijesti poznavali ljekovitost melise.<\/li>\n\n\n\n<li>\u010dasne sestre Karmeli\u0107anke su bile poznate u srednjem vijeku po proizvodnji \u201evodice od mati\u010dnjaka\u201c koja vra\u0107a snagu i dobro raspolo\u017eenje<\/li>\n\n\n\n<li>mati\u010dnjak ima antimikrobna svojstva, protiv virusa i upalnih procesa, posebno protiv Herpes simplex<\/li>\n\n\n\n<li>djeluje umiruju\u0107e, protiv nervoze<\/li>\n\n\n\n<li>kao za\u010din zbog svoje limunasto, gorke arome koristi se u raznim jelima s jajima, gljivama, kuhanim povr\u0107em, vo\u0107nim salatama tj. svugdje gdje bi se dodala korica od limuna<\/li>\n<\/ul>\n","protected":false},"excerpt":{"rendered":"<p>METVICA \u2013 paprena metvica, menta( lat. Mentha piperita); engl. mint; njem. Pfefferminze\/Minze ORIGANO \u2013 mravinac obi\u010dni (lat. Origanum vulgare); engl.origan; njem. Oregano-dobio je ime od gr\u010dke rije\u010di oros (planina) i ganosusthai (radost) \u0161to zna\u010di radost planine NEVEN \u2013 ljekoviti neven, kalendula, ognjec (lat. Calendula officinalis), engl. marigold; njem. Ringelblume KAMILICA \u2013 kamilica obi\u010dna (lat. Matricaria &hellip; <a href=\"https:\/\/trnoslav.vjeronauk.net\/?page_id=23\" class=\"more-link\">Nastavi \u010ditati <span class=\"screen-reader-text\">Ljekovito i za\u010dinsko bilje u svakodnevnom \u017eivotu<\/span><\/a><\/p>\n","protected":false},"author":1,"featured_media":61,"parent":0,"menu_order":0,"comment_status":"closed","ping_status":"closed","template":"","meta":{"footnotes":""},"class_list":["post-23","page","type-page","status-publish","has-post-thumbnail","hentry"],"_links":{"self":[{"href":"https:\/\/trnoslav.vjeronauk.net\/index.php?rest_route=\/wp\/v2\/pages\/23","targetHints":{"allow":["GET"]}}],"collection":[{"href":"https:\/\/trnoslav.vjeronauk.net\/index.php?rest_route=\/wp\/v2\/pages"}],"about":[{"href":"https:\/\/trnoslav.vjeronauk.net\/index.php?rest_route=\/wp\/v2\/types\/page"}],"author":[{"embeddable":true,"href":"https:\/\/trnoslav.vjeronauk.net\/index.php?rest_route=\/wp\/v2\/users\/1"}],"replies":[{"embeddable":true,"href":"https:\/\/trnoslav.vjeronauk.net\/index.php?rest_route=%2Fwp%2Fv2%2Fcomments&post=23"}],"version-history":[{"count":5,"href":"https:\/\/trnoslav.vjeronauk.net\/index.php?rest_route=\/wp\/v2\/pages\/23\/revisions"}],"predecessor-version":[{"id":63,"href":"https:\/\/trnoslav.vjeronauk.net\/index.php?rest_route=\/wp\/v2\/pages\/23\/revisions\/63"}],"wp:featuredmedia":[{"embeddable":true,"href":"https:\/\/trnoslav.vjeronauk.net\/index.php?rest_route=\/wp\/v2\/media\/61"}],"wp:attachment":[{"href":"https:\/\/trnoslav.vjeronauk.net\/index.php?rest_route=%2Fwp%2Fv2%2Fmedia&parent=23"}],"curies":[{"name":"wp","href":"https:\/\/api.w.org\/{rel}","templated":true}]}}