{"id":2,"date":"2023-11-01T22:05:18","date_gmt":"2023-11-01T22:05:18","guid":{"rendered":"https:\/\/trnoslav.vjeronauk.net\/?page_id=2"},"modified":"2023-11-08T00:44:26","modified_gmt":"2023-11-07T23:44:26","slug":"sample-page","status":"publish","type":"page","link":"https:\/\/trnoslav.vjeronauk.net\/?page_id=2","title":{"rendered":"Radni materijali"},"content":{"rendered":"\n<p>Korisni linkovi za uspje\u0161an rad u radionici:<\/p>\n\n\n<p><span style=\"color: #800000;\"><strong><a style=\"color: #800000;\" href=\"https:\/\/trnoslav.vjeronauk.net\/?page_id=23\" target=\"_blank\" rel=\"noopener\">Ljekovito i za\u010dinsko bilje u svakodnevnom \u017eivotu<\/a><\/strong><\/span><\/p>\n<p><strong><span style=\"color: #003300;\"><a style=\"color: #003300;\" href=\"https:\/\/trnoslav.vjeronauk.net\/?page_id=28\" target=\"_blank\" rel=\"noopener\">Zna\u010denje ljekovitog bilja kroz povijest<\/a><\/span><\/strong><\/p>\n<p><strong><a href=\"https:\/\/trnoslav.vjeronauk.net\/wp-content\/uploads\/2023\/11\/Sv.-Hildegarda-i-ljekovito-bilje.pdf\" target=\"_blank\" rel=\"noopener\">Sv. Hildegarda pi\u0161e o ljekovitom bilju<\/a><\/strong><\/p>\n\n\n<p><span style=\"color: #993366;\"><strong><a style=\"color: #993366;\" href=\"https:\/\/trnoslav.vjeronauk.net\/?page_id=53\" target=\"_blank\" rel=\"noopener\">Sveta Hildegarda iz Bingena \u2013 proro\u010dica, misti\u010darka i nau\u010diteljica Crkve<\/a><\/strong><\/span><\/p>\n\n\n\n<p><a rel=\"noreferrer noopener\" href=\"https:\/\/www.plantea.com.hr\/ljekovita-kadulja\/\" target=\"_blank\"><strong>Kadulja<\/strong><\/a><\/p>\n\n\n\n<p><a href=\"https:\/\/www.plantea.com.hr\/maticnjak\/\" target=\"_blank\" rel=\"noreferrer noopener\"><strong>Mati\u010dnjak<\/strong><\/a><\/p>\n\n\n\n<p><a href=\"https:\/\/www.plantea.com.hr\/neven\/\" target=\"_blank\" rel=\"noreferrer noopener\"><strong>Neven<\/strong><\/a><\/p>\n\n\n\n<p><a rel=\"noreferrer noopener\" href=\"https:\/\/www.plantea.com.hr\/origano\/\" target=\"_blank\"><strong>Origano<\/strong><\/a><\/p>\n\n\n\n<p><a rel=\"noreferrer noopener\" href=\"https:\/\/www.plantea.com.hr\/paprena-metvica\/\" target=\"_blank\"><strong>Paprena metvica<\/strong><\/a><\/p>\n\n\n\n<p><a rel=\"noreferrer noopener\" href=\"https:\/\/www.plantea.com.hr\/prava-kamilica\/\" target=\"_blank\"><strong>Prava kamilica<\/strong><\/a><\/p>\n","protected":false},"excerpt":{"rendered":"<p>Korisni linkovi za uspje\u0161an rad u radionici: Ljekovito i za\u010dinsko bilje u svakodnevnom \u017eivotu Zna\u010denje ljekovitog bilja kroz povijest Sv. Hildegarda pi\u0161e o ljekovitom bilju Sveta Hildegarda iz Bingena \u2013 proro\u010dica, misti\u010darka i nau\u010diteljica Crkve Kadulja Mati\u010dnjak Neven Origano Paprena metvica Prava kamilica<\/p>\n","protected":false},"author":1,"featured_media":67,"parent":0,"menu_order":0,"comment_status":"closed","ping_status":"open","template":"","meta":{"footnotes":""},"class_list":["post-2","page","type-page","status-publish","has-post-thumbnail","hentry"],"_links":{"self":[{"href":"https:\/\/trnoslav.vjeronauk.net\/index.php?rest_route=\/wp\/v2\/pages\/2","targetHints":{"allow":["GET"]}}],"collection":[{"href":"https:\/\/trnoslav.vjeronauk.net\/index.php?rest_route=\/wp\/v2\/pages"}],"about":[{"href":"https:\/\/trnoslav.vjeronauk.net\/index.php?rest_route=\/wp\/v2\/types\/page"}],"author":[{"embeddable":true,"href":"https:\/\/trnoslav.vjeronauk.net\/index.php?rest_route=\/wp\/v2\/users\/1"}],"replies":[{"embeddable":true,"href":"https:\/\/trnoslav.vjeronauk.net\/index.php?rest_route=%2Fwp%2Fv2%2Fcomments&post=2"}],"version-history":[{"count":17,"href":"https:\/\/trnoslav.vjeronauk.net\/index.php?rest_route=\/wp\/v2\/pages\/2\/revisions"}],"predecessor-version":[{"id":66,"href":"https:\/\/trnoslav.vjeronauk.net\/index.php?rest_route=\/wp\/v2\/pages\/2\/revisions\/66"}],"wp:featuredmedia":[{"embeddable":true,"href":"https:\/\/trnoslav.vjeronauk.net\/index.php?rest_route=\/wp\/v2\/media\/67"}],"wp:attachment":[{"href":"https:\/\/trnoslav.vjeronauk.net\/index.php?rest_route=%2Fwp%2Fv2%2Fmedia&parent=2"}],"curies":[{"name":"wp","href":"https:\/\/api.w.org\/{rel}","templated":true}]}}